{"id":46,"date":"2016-06-21T09:39:43","date_gmt":"2016-06-21T08:39:43","guid":{"rendered":"http:\/\/www.maisonbeausoleil.fr\/?page_id=46"},"modified":"2025-12-15T16:02:29","modified_gmt":"2025-12-15T15:02:29","slug":"devis-construction-maison-passive-paille-en-mayenne-53","status":"publish","type":"page","link":"https:\/\/www.maisonbeausoleil.fr\/index.php\/devis-construction-maison-passive-paille-en-mayenne-53\/","title":{"rendered":"Contactez nous"},"content":{"rendered":"<div class=\"flex_column av_one_fifth  flex_column_div av-zero-column-padding first  avia-builder-el-0  el_before_av_three_fifth  avia-builder-el-first  \" style='border-radius:0px; '><\/div>\n<div class=\"flex_column av_three_fifth  flex_column_div   avia-builder-el-1  el_after_av_one_fifth  el_before_av_one_fifth  \" ><section class=\"av_textblock_section \"  itemscope=\"itemscope\" itemtype=\"https:\/\/schema.org\/CreativeWork\" ><div class='avia_textblock  av_inherit_color '  style='color:#000000; '  itemprop=\"text\" ><p><img loading=\"lazy\" decoding=\"async\" class=\" wp-image-2587 aligncenter\" src=\"https:\/\/www.maisonbeausoleil.fr\/wp-content\/uploads\/2025\/08\/LOGO-MaisonBeausoleil.fr_-300x114.jpg\" alt=\"\" width=\"353\" height=\"134\" srcset=\"https:\/\/www.maisonbeausoleil.fr\/wp-content\/uploads\/2025\/08\/LOGO-MaisonBeausoleil.fr_-300x114.jpg 300w, https:\/\/www.maisonbeausoleil.fr\/wp-content\/uploads\/2025\/08\/LOGO-MaisonBeausoleil.fr_-1030x390.jpg 1030w, https:\/\/www.maisonbeausoleil.fr\/wp-content\/uploads\/2025\/08\/LOGO-MaisonBeausoleil.fr_-768x291.jpg 768w, https:\/\/www.maisonbeausoleil.fr\/wp-content\/uploads\/2025\/08\/LOGO-MaisonBeausoleil.fr_-1536x582.jpg 1536w, https:\/\/www.maisonbeausoleil.fr\/wp-content\/uploads\/2025\/08\/LOGO-MaisonBeausoleil.fr_-2048x776.jpg 2048w, https:\/\/www.maisonbeausoleil.fr\/wp-content\/uploads\/2025\/08\/LOGO-MaisonBeausoleil.fr_-1500x569.jpg 1500w, https:\/\/www.maisonbeausoleil.fr\/wp-content\/uploads\/2025\/08\/LOGO-MaisonBeausoleil.fr_-705x267.jpg 705w, https:\/\/www.maisonbeausoleil.fr\/wp-content\/uploads\/2025\/08\/LOGO-MaisonBeausoleil.fr_-845x321.jpg 845w\" sizes=\"auto, (max-width: 353px) 100vw, 353px\" \/><\/p>\n<p style=\"text-align: center;\"><span style=\"color: #000000;\"><strong>T\u00e9l\u00e9phone agence (r\u00e9pondeur) :<\/strong>\u00a002 43 64 27 95<\/span><br \/>\n<span style=\"color: #000000;\"><strong>Adresse agence JY Gommerel ma\u00eetre d&rsquo;oeuvre :<\/strong>\u00a010 rue Beausoleil 53360 Orign\u00e9<\/span><br \/>\n<span style=\"color: #000000;\"><strong>Horaires ouverture agence :<\/strong> du lundi au vendredi de 9h00 \u00e0 12h00 et de 14h00 \u00e0 18h00.\u00a0<\/span><br \/>\n<span style=\"color: #000000;\"><strong>Secteur g\u00e9ographique d\u2019activit\u00e9\u00a0:<\/strong> Notre agence de ma\u00eetrise d\u2019oeuvre r\u00e9alise des prestations dans tout le grand ouest\u00a0<\/span><\/p>\n<\/div><\/section><\/div>\n<div class=\"flex_column av_one_fifth  flex_column_div av-zero-column-padding   avia-builder-el-3  el_after_av_three_fifth  el_before_av_one_full  \" style='border-radius:0px; '><\/div>\n<div class=\"flex_column av_one_full  flex_column_div first  avia-builder-el-4  el_after_av_one_fifth  el_before_av_image  column-top-margin\" ><p><form action=\"https:\/\/www.maisonbeausoleil.fr\/index.php\/devis-construction-maison-passive-paille-en-mayenne-53\/\" method=\"post\"  class=\"avia_ajax_form av-form-labels-visible   avia-builder-el-5  el_before_av_textblock  avia-builder-el-first  av-custom-form-color av-dark-form \" data-avia-form-id=\"1\" data-avia-redirect='' ><h3 class=''>Vous avez un projet, des questions, contactez nous<\/h3><fieldset><p class=' first_form  form_element form_element_third' id='element_avia_1_1'>    <input  name=\"avia_1_1\" class=\"input_checkbox \" type=\"checkbox\" id=\"avia_1_1\" value=\"true\"\/><label class=\"input_checkbox_label\" for=\"avia_1_1\">Vous \u00eates un particulier<\/label><\/p><p class=' form_element form_element_third' id='element_avia_2_1'>    <input  name=\"avia_2_1\" class=\"input_checkbox \" type=\"checkbox\" id=\"avia_2_1\" value=\"true\"\/><label class=\"input_checkbox_label\" for=\"avia_2_1\">Vous \u00eates un professionnel<\/label><\/p><p class=' form_element form_element_third' id='element_avia_3_1'>    <input  name=\"avia_3_1\" class=\"input_checkbox \" type=\"checkbox\" id=\"avia_3_1\" value=\"true\"\/><label class=\"input_checkbox_label\" for=\"avia_3_1\">Vous repr\u00e9sentez une collectivit\u00e9<\/label><\/p><p class='  first_form  form_element form_element_half' id='element_avia_4_1'><label for=\"avia_4_1\">Nom <abbr class=\"required\" title=\"requis\">*<\/abbr><\/label> <input name=\"avia_4_1\" class=\"text_input is_empty\" type=\"text\" id=\"avia_4_1\" value=\"\" \/><\/p><p class='  form_element form_element_half' id='element_avia_5_1'><label for=\"avia_5_1\">Pr\u00e9nom <abbr class=\"required\" title=\"requis\">*<\/abbr><\/label> <input name=\"avia_5_1\" class=\"text_input is_empty\" type=\"text\" id=\"avia_5_1\" value=\"\" \/><\/p><p class='  first_form  form_element form_element_half' id='element_avia_6_1'><label for=\"avia_6_1\">Num\u00e9ro de portable <abbr class=\"required\" title=\"requis\">*<\/abbr><\/label> <input name=\"avia_6_1\" class=\"text_input is_phone\" type=\"text\" id=\"avia_6_1\" value=\"\" \/><\/p><p class='  form_element form_element_half' id='element_avia_7_1'><label for=\"avia_7_1\">E.mail <abbr class=\"required\" title=\"requis\">*<\/abbr><\/label> <input name=\"avia_7_1\" class=\"text_input is_email\" type=\"text\" id=\"avia_7_1\" value=\"\" \/><\/p><p class='  first_form  form_element form_element_third' id='element_avia_8_1'><label for=\"avia_8_1\">Adresse de votre projet  <abbr class=\"required\" title=\"requis\">*<\/abbr><\/label> <input name=\"avia_8_1\" class=\"text_input is_empty\" type=\"text\" id=\"avia_8_1\" value=\"\" \/><\/p><p class='  form_element form_element_third' id='element_avia_9_1'><label for=\"avia_9_1\">code postal  <abbr class=\"required\" title=\"requis\">*<\/abbr><\/label> <input name=\"avia_9_1\" class=\"text_input is_empty\" type=\"text\" id=\"avia_9_1\" value=\"\" \/><\/p><p class='  form_element form_element_third' id='element_avia_10_1'><label for=\"avia_10_1\">Ville <abbr class=\"required\" title=\"requis\">*<\/abbr><\/label> <input name=\"avia_10_1\" class=\"text_input is_empty\" type=\"text\" id=\"avia_10_1\" value=\"\" \/><\/p><p class='  first_form  form_element form_fullwidth' id='element_avia_11_1'><label for=\"avia_11_1\" class=\"textare_label hidden textare_label_avia_11_1\">D\u00e9crivez votre projet et\/ou demandes.<\/label><textarea  name=\"avia_11_1\" class=\"text_area \" cols=\"40\" rows=\"7\" id=\"avia_11_1\" ><\/textarea><\/p><p class='  first_form  form_element form_fullwidth' id='element_avia_12_1'><label for=\"avia_12_1\">Budget travaux de construction envisag\u00e9 <abbr class=\"required\" title=\"requis\">*<\/abbr><\/label> <input name=\"avia_12_1\" class=\"text_input is_empty\" type=\"text\" id=\"avia_12_1\" value=\"\" \/><\/p><p class=\"hidden\"><input type=\"text\" name=\"avia_13_1\" class=\"hidden \" id=\"avia_13_1\" value=\"\" \/><\/p><p class='   form_element form_fullwidth' id='element_avia_14_1'><span class='value_verifier_label'>3 + 1 = ?<\/span><input name=\"avia_14_1_verifier\" type=\"hidden\" id=\"avia_14_1_verifier\" value=\"655624765\"\/><label for=\"avia_14_1\">Pour prouver que vous \u00eates un humain, donnez le r\u00e9sultat de cette simple op\u00e9ration <abbr class=\"required\" title=\"requis\">*<\/abbr><\/label><input name=\"avia_14_1\" class=\"text_input captcha\" type=\"text\" id=\"avia_14_1\" value=\"\"\/><\/p><p class=\"form_element \"><input type=\"hidden\" value=\"1\" name=\"avia_generated_form1\" \/><input type=\"submit\" value=\"Envoyer votre de demande\" class=\"button\"  data-sending-label=\"Envoi\"\/><\/p><\/fieldset><\/form><div id=\"ajaxresponse_1\" class=\"ajaxresponse ajaxresponse_1 hidden\"><\/div><br \/>\n<section class=\"av_textblock_section \"  itemscope=\"itemscope\" itemtype=\"https:\/\/schema.org\/CreativeWork\" ><div class='avia_textblock  '   itemprop=\"text\" ><p>Les informations ci-dessus vous sont demand\u00e9es dans le seul but de r\u00e9pondre \u00e0 vos besoins. Ces informations restent confidentielles et ne sont en aucun cas transmises ou revendues \u00e0 des tiers. Conform\u00e9ment \u00e0 loi Informatique et Libert\u00e9s du 6 janvier 1978, vous disposez d&rsquo;un droit d&rsquo;acc\u00e8s, de rectification ou de suppression des donn\u00e9es personnelles vous concernant. Pour cela, il suffit de nous contacter \u00e0 l&rsquo;adresse email suivante : jean-yves.gommerel@wanadoo.fr ou par courrier \u00e0 JY Gommerel-EI au 10, rue Beausoleil 53360 Orign\u00e9, ou encore par t\u00e9l\u00e9phone au 02 43 64 27 95. Seule notre agence est destinataire des informations que vous lui communiquez.<\/p>\n<\/div><\/section><\/p><\/div><div  class='avia-image-container  av-styling-    avia-builder-el-7  el_after_av_one_full  el_before_av_one_third  avia-align-center '  itemprop=\"image\" itemscope=\"itemscope\" itemtype=\"https:\/\/schema.org\/ImageObject\"  ><div class='avia-image-container-inner'><div class='avia-image-overlay-wrap'><img class='avia_image' src='https:\/\/www.maisonbeausoleil.fr\/wp-content\/uploads\/2016\/06\/JY-GOMMEREL-PLAN-SITUATION-1.jpg' alt='' title='JY-GOMMEREL-PLAN-SITUATION-agence' height=\"906\" width=\"1348\"  itemprop=\"thumbnailUrl\"  \/><\/div><\/div><\/div><\/p>\n<div class=\"flex_column av_one_third  flex_column_div av-zero-column-padding first  avia-builder-el-8  el_after_av_image  avia-builder-el-last  \" style='border-radius:0px; '><\/div>\n","protected":false},"excerpt":{"rendered":"","protected":false},"author":1,"featured_media":0,"parent":0,"menu_order":0,"comment_status":"closed","ping_status":"closed","template":"","meta":{"footnotes":""},"class_list":["post-46","page","type-page","status-publish","hentry"],"yoast_head":"<!-- This site is optimized with the Yoast SEO plugin v27.5 - https:\/\/yoast.com\/product\/yoast-seo-wordpress\/ -->\n<title>Contactez nous - Maison passive bioclimatique ossature bois isolation paille<\/title>\n<meta name=\"description\" content=\"Conception, chiffrage et devis de vos travaux de construction d&#039;une maison passive bioclimatique en ossature bois et isolation paille.\" \/>\n<meta name=\"robots\" content=\"index, follow, max-snippet:-1, max-image-preview:large, max-video-preview:-1\" \/>\n<link rel=\"canonical\" href=\"https:\/\/www.maisonbeausoleil.fr\/index.php\/devis-construction-maison-passive-paille-en-mayenne-53\/\" \/>\n<meta property=\"og:locale\" content=\"fr_FR\" \/>\n<meta property=\"og:type\" content=\"article\" \/>\n<meta property=\"og:title\" content=\"Contactez nous - Maison passive bioclimatique ossature bois isolation paille\" \/>\n<meta property=\"og:description\" content=\"Conception, chiffrage et devis de vos travaux de construction d&#039;une maison passive bioclimatique en ossature bois et isolation paille.\" \/>\n<meta property=\"og:url\" content=\"https:\/\/www.maisonbeausoleil.fr\/index.php\/devis-construction-maison-passive-paille-en-mayenne-53\/\" \/>\n<meta property=\"og:site_name\" content=\"Maison passive bioclimatique ossature bois isolation paille\" \/>\n<meta property=\"article:publisher\" content=\"https:\/\/www.facebook.com\/maisonenergiepositive\/?locale=fr_FR\" \/>\n<meta property=\"article:modified_time\" content=\"2025-12-15T15:02:29+00:00\" \/>\n<meta property=\"og:image\" content=\"https:\/\/www.maisonbeausoleil.fr\/wp-content\/uploads\/2025\/08\/LOGO-MaisonBeausoleil.fr_-scaled.jpg\" \/>\n\t<meta property=\"og:image:width\" content=\"2560\" \/>\n\t<meta property=\"og:image:height\" content=\"971\" \/>\n\t<meta property=\"og:image:type\" content=\"image\/jpeg\" \/>\n<meta name=\"twitter:card\" content=\"summary_large_image\" \/>\n<meta name=\"twitter:site\" content=\"@UC0WxY73_wQkCxambOiOLiGQ\" \/>\n<meta name=\"twitter:label1\" content=\"Dur\u00e9e de lecture estim\u00e9e\" \/>\n\t<meta name=\"twitter:data1\" content=\"3 minutes\" \/>\n<script type=\"application\/ld+json\" class=\"yoast-schema-graph\">{\"@context\":\"https:\\\/\\\/schema.org\",\"@graph\":[{\"@type\":\"WebPage\",\"@id\":\"https:\\\/\\\/www.maisonbeausoleil.fr\\\/index.php\\\/devis-construction-maison-passive-paille-en-mayenne-53\\\/\",\"url\":\"https:\\\/\\\/www.maisonbeausoleil.fr\\\/index.php\\\/devis-construction-maison-passive-paille-en-mayenne-53\\\/\",\"name\":\"Contactez nous - Maison passive bioclimatique ossature bois isolation paille\",\"isPartOf\":{\"@id\":\"https:\\\/\\\/www.maisonbeausoleil.fr\\\/#website\"},\"primaryImageOfPage\":{\"@id\":\"https:\\\/\\\/www.maisonbeausoleil.fr\\\/index.php\\\/devis-construction-maison-passive-paille-en-mayenne-53\\\/#primaryimage\"},\"image\":{\"@id\":\"https:\\\/\\\/www.maisonbeausoleil.fr\\\/index.php\\\/devis-construction-maison-passive-paille-en-mayenne-53\\\/#primaryimage\"},\"thumbnailUrl\":\"https:\\\/\\\/www.maisonbeausoleil.fr\\\/wp-content\\\/uploads\\\/2025\\\/08\\\/LOGO-MaisonBeausoleil.fr_-300x114.jpg\",\"datePublished\":\"2016-06-21T08:39:43+00:00\",\"dateModified\":\"2025-12-15T15:02:29+00:00\",\"description\":\"Conception, chiffrage et devis de vos travaux de construction d'une maison passive bioclimatique en ossature bois et isolation paille.\",\"breadcrumb\":{\"@id\":\"https:\\\/\\\/www.maisonbeausoleil.fr\\\/index.php\\\/devis-construction-maison-passive-paille-en-mayenne-53\\\/#breadcrumb\"},\"inLanguage\":\"fr-FR\",\"potentialAction\":[{\"@type\":\"ReadAction\",\"target\":[\"https:\\\/\\\/www.maisonbeausoleil.fr\\\/index.php\\\/devis-construction-maison-passive-paille-en-mayenne-53\\\/\"]}]},{\"@type\":\"ImageObject\",\"inLanguage\":\"fr-FR\",\"@id\":\"https:\\\/\\\/www.maisonbeausoleil.fr\\\/index.php\\\/devis-construction-maison-passive-paille-en-mayenne-53\\\/#primaryimage\",\"url\":\"https:\\\/\\\/www.maisonbeausoleil.fr\\\/wp-content\\\/uploads\\\/2025\\\/08\\\/LOGO-MaisonBeausoleil.fr_-scaled.jpg\",\"contentUrl\":\"https:\\\/\\\/www.maisonbeausoleil.fr\\\/wp-content\\\/uploads\\\/2025\\\/08\\\/LOGO-MaisonBeausoleil.fr_-scaled.jpg\",\"width\":2560,\"height\":971},{\"@type\":\"BreadcrumbList\",\"@id\":\"https:\\\/\\\/www.maisonbeausoleil.fr\\\/index.php\\\/devis-construction-maison-passive-paille-en-mayenne-53\\\/#breadcrumb\",\"itemListElement\":[{\"@type\":\"ListItem\",\"position\":1,\"name\":\"Accueil\",\"item\":\"https:\\\/\\\/www.maisonbeausoleil.fr\\\/index.php\\\/construire-en-paille-mayenne-53\\\/\"},{\"@type\":\"ListItem\",\"position\":2,\"name\":\"Contactez nous\"}]},{\"@type\":\"WebSite\",\"@id\":\"https:\\\/\\\/www.maisonbeausoleil.fr\\\/#website\",\"url\":\"https:\\\/\\\/www.maisonbeausoleil.fr\\\/\",\"name\":\"Maison passive bioclimatique \u00e0 isolation paille\",\"description\":\"JY Gommerel dessine votre maison passive bioclimatique isolation paille en Mayenne\",\"publisher\":{\"@id\":\"https:\\\/\\\/www.maisonbeausoleil.fr\\\/#organization\"},\"alternateName\":\"Maison passive bioclimatique \u00e0 isolation paille en Mayenne 53\",\"potentialAction\":[{\"@type\":\"SearchAction\",\"target\":{\"@type\":\"EntryPoint\",\"urlTemplate\":\"https:\\\/\\\/www.maisonbeausoleil.fr\\\/?s={search_term_string}\"},\"query-input\":{\"@type\":\"PropertyValueSpecification\",\"valueRequired\":true,\"valueName\":\"search_term_string\"}}],\"inLanguage\":\"fr-FR\"},{\"@type\":\"Organization\",\"@id\":\"https:\\\/\\\/www.maisonbeausoleil.fr\\\/#organization\",\"name\":\"Maison passive bioclimatique \u00e0 isolation paille\",\"alternateName\":\"Maison passive bioclimatique \u00e0 isolation paille en Mayenne 53\",\"url\":\"https:\\\/\\\/www.maisonbeausoleil.fr\\\/\",\"logo\":{\"@type\":\"ImageObject\",\"inLanguage\":\"fr-FR\",\"@id\":\"https:\\\/\\\/www.maisonbeausoleil.fr\\\/#\\\/schema\\\/logo\\\/image\\\/\",\"url\":\"https:\\\/\\\/www.maisonbeausoleil.fr\\\/wp-content\\\/uploads\\\/2021\\\/12\\\/LOGO-BEAUSOLEIL-FINAL.jpg\",\"contentUrl\":\"https:\\\/\\\/www.maisonbeausoleil.fr\\\/wp-content\\\/uploads\\\/2021\\\/12\\\/LOGO-BEAUSOLEIL-FINAL.jpg\",\"width\":1080,\"height\":401,\"caption\":\"Maison passive bioclimatique \u00e0 isolation paille\"},\"image\":{\"@id\":\"https:\\\/\\\/www.maisonbeausoleil.fr\\\/#\\\/schema\\\/logo\\\/image\\\/\"},\"sameAs\":[\"https:\\\/\\\/www.facebook.com\\\/maisonenergiepositive\\\/?locale=fr_FR\",\"https:\\\/\\\/x.com\\\/UC0WxY73_wQkCxambOiOLiGQ\",\"https:\\\/\\\/www.gommerel-habitat-passif.com\\\/\",\"https:\\\/\\\/www.youtube.com\\\/channel\\\/UC0WxY73_wQkCxambOiOLiGQ\",\"https:\\\/\\\/www.instagram.com\\\/maison_passive_paille\\\/?hl=fr\",\"https:\\\/\\\/www.facebook.com\\\/maisonenergiepositive\\\/\"]}]}<\/script>\n<!-- \/ Yoast SEO plugin. -->","yoast_head_json":{"title":"Contactez nous - Maison passive bioclimatique ossature bois isolation paille","description":"Conception, chiffrage et devis de vos travaux de construction d'une maison passive bioclimatique en ossature bois et isolation paille.","robots":{"index":"index","follow":"follow","max-snippet":"max-snippet:-1","max-image-preview":"max-image-preview:large","max-video-preview":"max-video-preview:-1"},"canonical":"https:\/\/www.maisonbeausoleil.fr\/index.php\/devis-construction-maison-passive-paille-en-mayenne-53\/","og_locale":"fr_FR","og_type":"article","og_title":"Contactez nous - Maison passive bioclimatique ossature bois isolation paille","og_description":"Conception, chiffrage et devis de vos travaux de construction d'une maison passive bioclimatique en ossature bois et isolation paille.","og_url":"https:\/\/www.maisonbeausoleil.fr\/index.php\/devis-construction-maison-passive-paille-en-mayenne-53\/","og_site_name":"Maison passive bioclimatique ossature bois isolation paille","article_publisher":"https:\/\/www.facebook.com\/maisonenergiepositive\/?locale=fr_FR","article_modified_time":"2025-12-15T15:02:29+00:00","og_image":[{"width":2560,"height":971,"url":"https:\/\/www.maisonbeausoleil.fr\/wp-content\/uploads\/2025\/08\/LOGO-MaisonBeausoleil.fr_-scaled.jpg","type":"image\/jpeg"}],"twitter_card":"summary_large_image","twitter_site":"@UC0WxY73_wQkCxambOiOLiGQ","twitter_misc":{"Dur\u00e9e de lecture estim\u00e9e":"3 minutes"},"schema":{"@context":"https:\/\/schema.org","@graph":[{"@type":"WebPage","@id":"https:\/\/www.maisonbeausoleil.fr\/index.php\/devis-construction-maison-passive-paille-en-mayenne-53\/","url":"https:\/\/www.maisonbeausoleil.fr\/index.php\/devis-construction-maison-passive-paille-en-mayenne-53\/","name":"Contactez nous - Maison passive bioclimatique ossature bois isolation paille","isPartOf":{"@id":"https:\/\/www.maisonbeausoleil.fr\/#website"},"primaryImageOfPage":{"@id":"https:\/\/www.maisonbeausoleil.fr\/index.php\/devis-construction-maison-passive-paille-en-mayenne-53\/#primaryimage"},"image":{"@id":"https:\/\/www.maisonbeausoleil.fr\/index.php\/devis-construction-maison-passive-paille-en-mayenne-53\/#primaryimage"},"thumbnailUrl":"https:\/\/www.maisonbeausoleil.fr\/wp-content\/uploads\/2025\/08\/LOGO-MaisonBeausoleil.fr_-300x114.jpg","datePublished":"2016-06-21T08:39:43+00:00","dateModified":"2025-12-15T15:02:29+00:00","description":"Conception, chiffrage et devis de vos travaux de construction d'une maison passive bioclimatique en ossature bois et isolation paille.","breadcrumb":{"@id":"https:\/\/www.maisonbeausoleil.fr\/index.php\/devis-construction-maison-passive-paille-en-mayenne-53\/#breadcrumb"},"inLanguage":"fr-FR","potentialAction":[{"@type":"ReadAction","target":["https:\/\/www.maisonbeausoleil.fr\/index.php\/devis-construction-maison-passive-paille-en-mayenne-53\/"]}]},{"@type":"ImageObject","inLanguage":"fr-FR","@id":"https:\/\/www.maisonbeausoleil.fr\/index.php\/devis-construction-maison-passive-paille-en-mayenne-53\/#primaryimage","url":"https:\/\/www.maisonbeausoleil.fr\/wp-content\/uploads\/2025\/08\/LOGO-MaisonBeausoleil.fr_-scaled.jpg","contentUrl":"https:\/\/www.maisonbeausoleil.fr\/wp-content\/uploads\/2025\/08\/LOGO-MaisonBeausoleil.fr_-scaled.jpg","width":2560,"height":971},{"@type":"BreadcrumbList","@id":"https:\/\/www.maisonbeausoleil.fr\/index.php\/devis-construction-maison-passive-paille-en-mayenne-53\/#breadcrumb","itemListElement":[{"@type":"ListItem","position":1,"name":"Accueil","item":"https:\/\/www.maisonbeausoleil.fr\/index.php\/construire-en-paille-mayenne-53\/"},{"@type":"ListItem","position":2,"name":"Contactez nous"}]},{"@type":"WebSite","@id":"https:\/\/www.maisonbeausoleil.fr\/#website","url":"https:\/\/www.maisonbeausoleil.fr\/","name":"Maison passive bioclimatique \u00e0 isolation paille","description":"JY Gommerel dessine votre maison passive bioclimatique isolation paille en Mayenne","publisher":{"@id":"https:\/\/www.maisonbeausoleil.fr\/#organization"},"alternateName":"Maison passive bioclimatique \u00e0 isolation paille en Mayenne 53","potentialAction":[{"@type":"SearchAction","target":{"@type":"EntryPoint","urlTemplate":"https:\/\/www.maisonbeausoleil.fr\/?s={search_term_string}"},"query-input":{"@type":"PropertyValueSpecification","valueRequired":true,"valueName":"search_term_string"}}],"inLanguage":"fr-FR"},{"@type":"Organization","@id":"https:\/\/www.maisonbeausoleil.fr\/#organization","name":"Maison passive bioclimatique \u00e0 isolation paille","alternateName":"Maison passive bioclimatique \u00e0 isolation paille en Mayenne 53","url":"https:\/\/www.maisonbeausoleil.fr\/","logo":{"@type":"ImageObject","inLanguage":"fr-FR","@id":"https:\/\/www.maisonbeausoleil.fr\/#\/schema\/logo\/image\/","url":"https:\/\/www.maisonbeausoleil.fr\/wp-content\/uploads\/2021\/12\/LOGO-BEAUSOLEIL-FINAL.jpg","contentUrl":"https:\/\/www.maisonbeausoleil.fr\/wp-content\/uploads\/2021\/12\/LOGO-BEAUSOLEIL-FINAL.jpg","width":1080,"height":401,"caption":"Maison passive bioclimatique \u00e0 isolation paille"},"image":{"@id":"https:\/\/www.maisonbeausoleil.fr\/#\/schema\/logo\/image\/"},"sameAs":["https:\/\/www.facebook.com\/maisonenergiepositive\/?locale=fr_FR","https:\/\/x.com\/UC0WxY73_wQkCxambOiOLiGQ","https:\/\/www.gommerel-habitat-passif.com\/","https:\/\/www.youtube.com\/channel\/UC0WxY73_wQkCxambOiOLiGQ","https:\/\/www.instagram.com\/maison_passive_paille\/?hl=fr","https:\/\/www.facebook.com\/maisonenergiepositive\/"]}]}},"_links":{"self":[{"href":"https:\/\/www.maisonbeausoleil.fr\/index.php\/wp-json\/wp\/v2\/pages\/46","targetHints":{"allow":["GET"]}}],"collection":[{"href":"https:\/\/www.maisonbeausoleil.fr\/index.php\/wp-json\/wp\/v2\/pages"}],"about":[{"href":"https:\/\/www.maisonbeausoleil.fr\/index.php\/wp-json\/wp\/v2\/types\/page"}],"author":[{"embeddable":true,"href":"https:\/\/www.maisonbeausoleil.fr\/index.php\/wp-json\/wp\/v2\/users\/1"}],"replies":[{"embeddable":true,"href":"https:\/\/www.maisonbeausoleil.fr\/index.php\/wp-json\/wp\/v2\/comments?post=46"}],"version-history":[{"count":188,"href":"https:\/\/www.maisonbeausoleil.fr\/index.php\/wp-json\/wp\/v2\/pages\/46\/revisions"}],"predecessor-version":[{"id":2616,"href":"https:\/\/www.maisonbeausoleil.fr\/index.php\/wp-json\/wp\/v2\/pages\/46\/revisions\/2616"}],"wp:attachment":[{"href":"https:\/\/www.maisonbeausoleil.fr\/index.php\/wp-json\/wp\/v2\/media?parent=46"}],"curies":[{"name":"wp","href":"https:\/\/api.w.org\/{rel}","templated":true}]}}