{"id":312,"date":"2016-07-04T15:57:07","date_gmt":"2016-07-04T14:57:07","guid":{"rendered":"http:\/\/www.maisonbeausoleil.fr\/?page_id=312"},"modified":"2024-12-16T17:34:03","modified_gmt":"2024-12-16T16:34:03","slug":"plan-personnalise-maison-individuelle","status":"publish","type":"page","link":"https:\/\/www.maisonbeausoleil.fr\/index.php\/maison-construction-ossature-bois-isolation-paille\/projet-construction-maison-bioclimatique-isolation-paille\/plan-personnalise-maison-individuelle\/","title":{"rendered":"Personnalisation"},"content":{"rendered":"<section class=\"av_textblock_section \"  itemscope=\"itemscope\" itemtype=\"https:\/\/schema.org\/CreativeWork\" ><div class='avia_textblock  '   itemprop=\"text\" ><h5 style=\"text-align: center;\">PUIS-JE PERSONNALISER LES PLANS DE MA MAISON ?<\/h5>\n<\/div><\/section>\n<div class=\"flex_column av_one_fifth  flex_column_div first  avia-builder-el-1  el_after_av_textblock  el_before_av_one_fifth  column-top-margin\" ><\/div>\n<div class=\"flex_column av_one_fifth  flex_column_div   avia-builder-el-2  el_after_av_one_fifth  el_before_av_one_fifth  column-top-margin\" ><\/div>\n<div class=\"flex_column av_one_fifth  flex_column_div   avia-builder-el-3  el_after_av_one_fifth  el_before_av_one_fifth  column-top-margin\" ><div  class='avia-image-container avia_animated_image avia_animate_when_almost_visible pop-up av-styling-circle    avia-builder-el-4  avia-builder-el-no-sibling  avia-align-center '  itemprop=\"image\" itemscope=\"itemscope\" itemtype=\"https:\/\/schema.org\/ImageObject\"  ><div class='avia-image-container-inner'><div class='avia-image-overlay-wrap'><img class='avia_image' src='https:\/\/www.maisonbeausoleil.fr\/wp-content\/uploads\/2016\/10\/PERSONNALISATION-e1476363420941.jpg' alt='' title='PERSONNALISATION' height=\"120\" width=\"120\"  itemprop=\"thumbnailUrl\"  \/><\/div><\/div><\/div><\/div>\n<div class=\"flex_column av_one_fifth  flex_column_div   avia-builder-el-5  el_after_av_one_fifth  el_before_av_one_fifth  column-top-margin\" ><\/div>\n<div class=\"flex_column av_one_fifth  flex_column_div   avia-builder-el-6  el_after_av_one_fifth  el_before_av_hr  column-top-margin\" ><\/div>\n<div  style='height:25px' class='hr hr-invisible   avia-builder-el-7  el_after_av_one_fifth  el_before_av_textblock '><span class='hr-inner ' ><span class='hr-inner-style'><\/span><\/span><\/div>\n<section class=\"av_textblock_section \"  itemscope=\"itemscope\" itemtype=\"https:\/\/schema.org\/CreativeWork\" ><div class='avia_textblock  '   itemprop=\"text\" ><p>Oui, avec l\u2019aide de votre architecte ou notre bureau d&rsquo;\u00e9tude JY Gommerel ma\u00eetre d&rsquo;oeuvre situ\u00e9 en Mayenne (53), vous concevez les plans de votre maison et de ses am\u00e9nagements int\u00e9rieurs en fonction de vos souhaits et de votre budget. Il n\u2019y a pas de taille pr\u00e9d\u00e9finie de modules, ni de forme impos\u00e9e. Vous pouvez aussi ajouter un \u00e9tage ou une terrasse accessible.<\/p>\n<p>Chaque Maison Beausoleil\u00a0sera unique et adapt\u00e9e \u00e0 son environnement et sa g\u00e9olocalisation.<\/p>\n<p>Enfin, vous personnalisez votre maison en choisissant vos finitions int\u00e9rieures et ext\u00e9rieures en fonction de vos souhaits et budget en composants avec les contraintes administratives du lieu de votre projet.<\/p>\n<\/div><\/section>\n<div  style='height:25px' class='hr hr-invisible   avia-builder-el-9  el_after_av_textblock  el_before_av_button '><span class='hr-inner ' ><span class='hr-inner-style'><\/span><\/span><\/div>\n<div  class='avia-button-wrap avia-button-center  avia-builder-el-10  el_after_av_hr  avia-builder-el-last ' ><a href='https:\/\/www.maisonbeausoleil.fr\/index.php\/maison-construction-ossature-bois-isolation-paille\/'  class='avia-button   avia-icon_select-yes-left-icon avia-color-theme-color avia-size-medium avia-position-center '   ><span class='avia_button_icon avia_button_icon_left ' aria-hidden='true' data-av_icon='\ue803' data-av_iconfont='entypo-fontello'><\/span><span class='avia_iconbox_title' >En savoir encore +<\/span><\/a><\/div>\n","protected":false},"excerpt":{"rendered":"","protected":false},"author":1,"featured_media":0,"parent":984,"menu_order":4,"comment_status":"closed","ping_status":"closed","template":"","meta":{"footnotes":""},"class_list":["post-312","page","type-page","status-publish","hentry"],"yoast_head":"<!-- This site is optimized with the Yoast SEO plugin v27.4 - https:\/\/yoast.com\/product\/yoast-seo-wordpress\/ -->\n<title>Personnalisation - Maison passive bioclimatique ossature bois isolation paille<\/title>\n<meta name=\"description\" content=\"B\u00e9n\u00e9ficier de notre exp\u00e9rience pour \u00e9laborer votre plan personnalis\u00e9 de votre maison individuelle passive \u00e0 isolation paille\" \/>\n<meta name=\"robots\" content=\"index, follow, max-snippet:-1, max-image-preview:large, max-video-preview:-1\" \/>\n<link rel=\"canonical\" href=\"https:\/\/www.maisonbeausoleil.fr\/index.php\/maison-construction-ossature-bois-isolation-paille\/projet-construction-maison-bioclimatique-isolation-paille\/plan-personnalise-maison-individuelle\/\" \/>\n<meta property=\"og:locale\" content=\"fr_FR\" \/>\n<meta property=\"og:type\" content=\"article\" \/>\n<meta property=\"og:title\" content=\"Personnalisation - Maison passive bioclimatique ossature bois isolation paille\" \/>\n<meta property=\"og:description\" content=\"B\u00e9n\u00e9ficier de notre exp\u00e9rience pour \u00e9laborer votre plan personnalis\u00e9 de votre maison individuelle passive \u00e0 isolation paille\" \/>\n<meta property=\"og:url\" content=\"https:\/\/www.maisonbeausoleil.fr\/index.php\/maison-construction-ossature-bois-isolation-paille\/projet-construction-maison-bioclimatique-isolation-paille\/plan-personnalise-maison-individuelle\/\" \/>\n<meta property=\"og:site_name\" content=\"Maison passive bioclimatique ossature bois isolation paille\" \/>\n<meta property=\"article:publisher\" content=\"https:\/\/www.facebook.com\/maisonenergiepositive\/?locale=fr_FR\" \/>\n<meta property=\"article:modified_time\" content=\"2024-12-16T16:34:03+00:00\" \/>\n<meta name=\"twitter:card\" content=\"summary_large_image\" \/>\n<meta name=\"twitter:site\" content=\"@UC0WxY73_wQkCxambOiOLiGQ\" \/>\n<meta name=\"twitter:label1\" content=\"Dur\u00e9e de lecture estim\u00e9e\" \/>\n\t<meta name=\"twitter:data1\" content=\"2 minutes\" \/>\n<script type=\"application\/ld+json\" class=\"yoast-schema-graph\">{\"@context\":\"https:\\\/\\\/schema.org\",\"@graph\":[{\"@type\":\"WebPage\",\"@id\":\"https:\\\/\\\/www.maisonbeausoleil.fr\\\/index.php\\\/maison-construction-ossature-bois-isolation-paille\\\/projet-construction-maison-bioclimatique-isolation-paille\\\/plan-personnalise-maison-individuelle\\\/\",\"url\":\"https:\\\/\\\/www.maisonbeausoleil.fr\\\/index.php\\\/maison-construction-ossature-bois-isolation-paille\\\/projet-construction-maison-bioclimatique-isolation-paille\\\/plan-personnalise-maison-individuelle\\\/\",\"name\":\"Personnalisation - Maison passive bioclimatique ossature bois isolation paille\",\"isPartOf\":{\"@id\":\"https:\\\/\\\/www.maisonbeausoleil.fr\\\/#website\"},\"datePublished\":\"2016-07-04T14:57:07+00:00\",\"dateModified\":\"2024-12-16T16:34:03+00:00\",\"description\":\"B\u00e9n\u00e9ficier de notre exp\u00e9rience pour \u00e9laborer votre plan personnalis\u00e9 de votre maison individuelle passive \u00e0 isolation paille\",\"breadcrumb\":{\"@id\":\"https:\\\/\\\/www.maisonbeausoleil.fr\\\/index.php\\\/maison-construction-ossature-bois-isolation-paille\\\/projet-construction-maison-bioclimatique-isolation-paille\\\/plan-personnalise-maison-individuelle\\\/#breadcrumb\"},\"inLanguage\":\"fr-FR\",\"potentialAction\":[{\"@type\":\"ReadAction\",\"target\":[\"https:\\\/\\\/www.maisonbeausoleil.fr\\\/index.php\\\/maison-construction-ossature-bois-isolation-paille\\\/projet-construction-maison-bioclimatique-isolation-paille\\\/plan-personnalise-maison-individuelle\\\/\"]}]},{\"@type\":\"BreadcrumbList\",\"@id\":\"https:\\\/\\\/www.maisonbeausoleil.fr\\\/index.php\\\/maison-construction-ossature-bois-isolation-paille\\\/projet-construction-maison-bioclimatique-isolation-paille\\\/plan-personnalise-maison-individuelle\\\/#breadcrumb\",\"itemListElement\":[{\"@type\":\"ListItem\",\"position\":1,\"name\":\"Accueil\",\"item\":\"https:\\\/\\\/www.maisonbeausoleil.fr\\\/index.php\\\/construire-en-paille-mayenne-53\\\/\"},{\"@type\":\"ListItem\",\"position\":2,\"name\":\"En savoir +\",\"item\":\"https:\\\/\\\/www.maisonbeausoleil.fr\\\/index.php\\\/maison-construction-ossature-bois-isolation-paille\\\/\"},{\"@type\":\"ListItem\",\"position\":3,\"name\":\"LE PROJET\",\"item\":\"https:\\\/\\\/www.maisonbeausoleil.fr\\\/index.php\\\/maison-construction-ossature-bois-isolation-paille\\\/projet-construction-maison-bioclimatique-isolation-paille\\\/\"},{\"@type\":\"ListItem\",\"position\":4,\"name\":\"Personnalisation\"}]},{\"@type\":\"WebSite\",\"@id\":\"https:\\\/\\\/www.maisonbeausoleil.fr\\\/#website\",\"url\":\"https:\\\/\\\/www.maisonbeausoleil.fr\\\/\",\"name\":\"Maison passive bioclimatique \u00e0 isolation paille\",\"description\":\"JY Gommerel dessine votre maison passive bioclimatique isolation paille en Mayenne\",\"publisher\":{\"@id\":\"https:\\\/\\\/www.maisonbeausoleil.fr\\\/#organization\"},\"alternateName\":\"Maison passive bioclimatique \u00e0 isolation paille en Mayenne 53\",\"potentialAction\":[{\"@type\":\"SearchAction\",\"target\":{\"@type\":\"EntryPoint\",\"urlTemplate\":\"https:\\\/\\\/www.maisonbeausoleil.fr\\\/?s={search_term_string}\"},\"query-input\":{\"@type\":\"PropertyValueSpecification\",\"valueRequired\":true,\"valueName\":\"search_term_string\"}}],\"inLanguage\":\"fr-FR\"},{\"@type\":\"Organization\",\"@id\":\"https:\\\/\\\/www.maisonbeausoleil.fr\\\/#organization\",\"name\":\"Maison passive bioclimatique \u00e0 isolation paille\",\"alternateName\":\"Maison passive bioclimatique \u00e0 isolation paille en Mayenne 53\",\"url\":\"https:\\\/\\\/www.maisonbeausoleil.fr\\\/\",\"logo\":{\"@type\":\"ImageObject\",\"inLanguage\":\"fr-FR\",\"@id\":\"https:\\\/\\\/www.maisonbeausoleil.fr\\\/#\\\/schema\\\/logo\\\/image\\\/\",\"url\":\"https:\\\/\\\/www.maisonbeausoleil.fr\\\/wp-content\\\/uploads\\\/2021\\\/12\\\/LOGO-BEAUSOLEIL-FINAL.jpg\",\"contentUrl\":\"https:\\\/\\\/www.maisonbeausoleil.fr\\\/wp-content\\\/uploads\\\/2021\\\/12\\\/LOGO-BEAUSOLEIL-FINAL.jpg\",\"width\":1080,\"height\":401,\"caption\":\"Maison passive bioclimatique \u00e0 isolation paille\"},\"image\":{\"@id\":\"https:\\\/\\\/www.maisonbeausoleil.fr\\\/#\\\/schema\\\/logo\\\/image\\\/\"},\"sameAs\":[\"https:\\\/\\\/www.facebook.com\\\/maisonenergiepositive\\\/?locale=fr_FR\",\"https:\\\/\\\/x.com\\\/UC0WxY73_wQkCxambOiOLiGQ\",\"https:\\\/\\\/www.gommerel-habitat-passif.com\\\/\",\"https:\\\/\\\/www.youtube.com\\\/channel\\\/UC0WxY73_wQkCxambOiOLiGQ\",\"https:\\\/\\\/www.instagram.com\\\/maison_passive_paille\\\/?hl=fr\",\"https:\\\/\\\/www.facebook.com\\\/maisonenergiepositive\\\/\"]}]}<\/script>\n<!-- \/ Yoast SEO plugin. -->","yoast_head_json":{"title":"Personnalisation - Maison passive bioclimatique ossature bois isolation paille","description":"B\u00e9n\u00e9ficier de notre exp\u00e9rience pour \u00e9laborer votre plan personnalis\u00e9 de votre maison individuelle passive \u00e0 isolation paille","robots":{"index":"index","follow":"follow","max-snippet":"max-snippet:-1","max-image-preview":"max-image-preview:large","max-video-preview":"max-video-preview:-1"},"canonical":"https:\/\/www.maisonbeausoleil.fr\/index.php\/maison-construction-ossature-bois-isolation-paille\/projet-construction-maison-bioclimatique-isolation-paille\/plan-personnalise-maison-individuelle\/","og_locale":"fr_FR","og_type":"article","og_title":"Personnalisation - Maison passive bioclimatique ossature bois isolation paille","og_description":"B\u00e9n\u00e9ficier de notre exp\u00e9rience pour \u00e9laborer votre plan personnalis\u00e9 de votre maison individuelle passive \u00e0 isolation paille","og_url":"https:\/\/www.maisonbeausoleil.fr\/index.php\/maison-construction-ossature-bois-isolation-paille\/projet-construction-maison-bioclimatique-isolation-paille\/plan-personnalise-maison-individuelle\/","og_site_name":"Maison passive bioclimatique ossature bois isolation paille","article_publisher":"https:\/\/www.facebook.com\/maisonenergiepositive\/?locale=fr_FR","article_modified_time":"2024-12-16T16:34:03+00:00","twitter_card":"summary_large_image","twitter_site":"@UC0WxY73_wQkCxambOiOLiGQ","twitter_misc":{"Dur\u00e9e de lecture estim\u00e9e":"2 minutes"},"schema":{"@context":"https:\/\/schema.org","@graph":[{"@type":"WebPage","@id":"https:\/\/www.maisonbeausoleil.fr\/index.php\/maison-construction-ossature-bois-isolation-paille\/projet-construction-maison-bioclimatique-isolation-paille\/plan-personnalise-maison-individuelle\/","url":"https:\/\/www.maisonbeausoleil.fr\/index.php\/maison-construction-ossature-bois-isolation-paille\/projet-construction-maison-bioclimatique-isolation-paille\/plan-personnalise-maison-individuelle\/","name":"Personnalisation - Maison passive bioclimatique ossature bois isolation paille","isPartOf":{"@id":"https:\/\/www.maisonbeausoleil.fr\/#website"},"datePublished":"2016-07-04T14:57:07+00:00","dateModified":"2024-12-16T16:34:03+00:00","description":"B\u00e9n\u00e9ficier de notre exp\u00e9rience pour \u00e9laborer votre plan personnalis\u00e9 de votre maison individuelle passive \u00e0 isolation paille","breadcrumb":{"@id":"https:\/\/www.maisonbeausoleil.fr\/index.php\/maison-construction-ossature-bois-isolation-paille\/projet-construction-maison-bioclimatique-isolation-paille\/plan-personnalise-maison-individuelle\/#breadcrumb"},"inLanguage":"fr-FR","potentialAction":[{"@type":"ReadAction","target":["https:\/\/www.maisonbeausoleil.fr\/index.php\/maison-construction-ossature-bois-isolation-paille\/projet-construction-maison-bioclimatique-isolation-paille\/plan-personnalise-maison-individuelle\/"]}]},{"@type":"BreadcrumbList","@id":"https:\/\/www.maisonbeausoleil.fr\/index.php\/maison-construction-ossature-bois-isolation-paille\/projet-construction-maison-bioclimatique-isolation-paille\/plan-personnalise-maison-individuelle\/#breadcrumb","itemListElement":[{"@type":"ListItem","position":1,"name":"Accueil","item":"https:\/\/www.maisonbeausoleil.fr\/index.php\/construire-en-paille-mayenne-53\/"},{"@type":"ListItem","position":2,"name":"En savoir +","item":"https:\/\/www.maisonbeausoleil.fr\/index.php\/maison-construction-ossature-bois-isolation-paille\/"},{"@type":"ListItem","position":3,"name":"LE PROJET","item":"https:\/\/www.maisonbeausoleil.fr\/index.php\/maison-construction-ossature-bois-isolation-paille\/projet-construction-maison-bioclimatique-isolation-paille\/"},{"@type":"ListItem","position":4,"name":"Personnalisation"}]},{"@type":"WebSite","@id":"https:\/\/www.maisonbeausoleil.fr\/#website","url":"https:\/\/www.maisonbeausoleil.fr\/","name":"Maison passive bioclimatique \u00e0 isolation paille","description":"JY Gommerel dessine votre maison passive bioclimatique isolation paille en Mayenne","publisher":{"@id":"https:\/\/www.maisonbeausoleil.fr\/#organization"},"alternateName":"Maison passive bioclimatique \u00e0 isolation paille en Mayenne 53","potentialAction":[{"@type":"SearchAction","target":{"@type":"EntryPoint","urlTemplate":"https:\/\/www.maisonbeausoleil.fr\/?s={search_term_string}"},"query-input":{"@type":"PropertyValueSpecification","valueRequired":true,"valueName":"search_term_string"}}],"inLanguage":"fr-FR"},{"@type":"Organization","@id":"https:\/\/www.maisonbeausoleil.fr\/#organization","name":"Maison passive bioclimatique \u00e0 isolation paille","alternateName":"Maison passive bioclimatique \u00e0 isolation paille en Mayenne 53","url":"https:\/\/www.maisonbeausoleil.fr\/","logo":{"@type":"ImageObject","inLanguage":"fr-FR","@id":"https:\/\/www.maisonbeausoleil.fr\/#\/schema\/logo\/image\/","url":"https:\/\/www.maisonbeausoleil.fr\/wp-content\/uploads\/2021\/12\/LOGO-BEAUSOLEIL-FINAL.jpg","contentUrl":"https:\/\/www.maisonbeausoleil.fr\/wp-content\/uploads\/2021\/12\/LOGO-BEAUSOLEIL-FINAL.jpg","width":1080,"height":401,"caption":"Maison passive bioclimatique \u00e0 isolation paille"},"image":{"@id":"https:\/\/www.maisonbeausoleil.fr\/#\/schema\/logo\/image\/"},"sameAs":["https:\/\/www.facebook.com\/maisonenergiepositive\/?locale=fr_FR","https:\/\/x.com\/UC0WxY73_wQkCxambOiOLiGQ","https:\/\/www.gommerel-habitat-passif.com\/","https:\/\/www.youtube.com\/channel\/UC0WxY73_wQkCxambOiOLiGQ","https:\/\/www.instagram.com\/maison_passive_paille\/?hl=fr","https:\/\/www.facebook.com\/maisonenergiepositive\/"]}]}},"_links":{"self":[{"href":"https:\/\/www.maisonbeausoleil.fr\/index.php\/wp-json\/wp\/v2\/pages\/312","targetHints":{"allow":["GET"]}}],"collection":[{"href":"https:\/\/www.maisonbeausoleil.fr\/index.php\/wp-json\/wp\/v2\/pages"}],"about":[{"href":"https:\/\/www.maisonbeausoleil.fr\/index.php\/wp-json\/wp\/v2\/types\/page"}],"author":[{"embeddable":true,"href":"https:\/\/www.maisonbeausoleil.fr\/index.php\/wp-json\/wp\/v2\/users\/1"}],"replies":[{"embeddable":true,"href":"https:\/\/www.maisonbeausoleil.fr\/index.php\/wp-json\/wp\/v2\/comments?post=312"}],"version-history":[{"count":20,"href":"https:\/\/www.maisonbeausoleil.fr\/index.php\/wp-json\/wp\/v2\/pages\/312\/revisions"}],"predecessor-version":[{"id":2503,"href":"https:\/\/www.maisonbeausoleil.fr\/index.php\/wp-json\/wp\/v2\/pages\/312\/revisions\/2503"}],"up":[{"embeddable":true,"href":"https:\/\/www.maisonbeausoleil.fr\/index.php\/wp-json\/wp\/v2\/pages\/984"}],"wp:attachment":[{"href":"https:\/\/www.maisonbeausoleil.fr\/index.php\/wp-json\/wp\/v2\/media?parent=312"}],"curies":[{"name":"wp","href":"https:\/\/api.w.org\/{rel}","templated":true}]}}