{"id":305,"date":"2016-07-04T15:53:15","date_gmt":"2016-07-04T14:53:15","guid":{"rendered":"http:\/\/www.maisonbeausoleil.fr\/?page_id=305"},"modified":"2025-10-23T10:45:58","modified_gmt":"2025-10-23T09:45:58","slug":"auto-construction-maison-passive-paille","status":"publish","type":"page","link":"https:\/\/www.maisonbeausoleil.fr\/index.php\/maison-construction-ossature-bois-isolation-paille\/projet-construction-maison-bioclimatique-isolation-paille\/auto-construction-maison-passive-paille\/","title":{"rendered":"Auto-construction"},"content":{"rendered":"<section class=\"av_textblock_section \"  itemscope=\"itemscope\" itemtype=\"https:\/\/schema.org\/CreativeWork\" ><div class='avia_textblock  '   itemprop=\"text\" ><h5 style=\"text-align: center;\">PUIS-JE CONSTRUIRE UNE MAISON BEAUSOLEIL PAR MOI-M\u00caME ?<\/h5>\n<\/div><\/section>\n<div class=\"flex_column av_one_fifth  flex_column_div first  avia-builder-el-1  el_after_av_textblock  el_before_av_one_fifth  column-top-margin\" ><\/div>\n<div class=\"flex_column av_one_fifth  flex_column_div   avia-builder-el-2  el_after_av_one_fifth  el_before_av_one_fifth  column-top-margin\" ><\/div>\n<div class=\"flex_column av_one_fifth  flex_column_div   avia-builder-el-3  el_after_av_one_fifth  el_before_av_one_fifth  column-top-margin\" ><div  class='avia-image-container avia_animated_image avia_animate_when_almost_visible pop-up av-styling-circle    avia-builder-el-4  avia-builder-el-no-sibling  avia-align-center '  itemprop=\"image\" itemscope=\"itemscope\" itemtype=\"https:\/\/schema.org\/ImageObject\"  ><div class='avia-image-container-inner'><div class='avia-image-overlay-wrap'><img class='avia_image' src='https:\/\/www.maisonbeausoleil.fr\/wp-content\/uploads\/2016\/08\/PICTOS-AUTO-CONSTRUCTION-180x180.jpg' alt='' title='PICTOS - AUTO CONSTRUCTION' height=\"180\" width=\"180\"  itemprop=\"thumbnailUrl\"  \/><\/div><\/div><\/div><\/div>\n<div class=\"flex_column av_one_fifth  flex_column_div   avia-builder-el-5  el_after_av_one_fifth  el_before_av_one_fifth  column-top-margin\" ><\/div>\n<div class=\"flex_column av_one_fifth  flex_column_div   avia-builder-el-6  el_after_av_one_fifth  el_before_av_hr  column-top-margin\" ><\/div>\n<div  style='height:25px' class='hr hr-invisible   avia-builder-el-7  el_after_av_one_fifth  el_before_av_textblock '><span class='hr-inner ' ><span class='hr-inner-style'><\/span><\/span><\/div>\n<section class=\"av_textblock_section \"  itemscope=\"itemscope\" itemtype=\"https:\/\/schema.org\/CreativeWork\" ><div class='avia_textblock  '   itemprop=\"text\" ><p class=\"aligncenter\">Les constructions sont r\u00e9alis\u00e9es par des entreprises s\u00e9lectionn\u00e9es, form\u00e9es au syst\u00e8me constructif MaisonBeausoleil et \u00e9quip\u00e9es d\u2019outils sp\u00e9cifiques de construction et de gestion. Ces partenaires sont garants de la qualit\u00e9 et de la rapidit\u00e9 de mise en oeuvre. Le concept MaisonBeausoleil <strong>est<\/strong>\u00a0<strong>disponible pour de l\u2019autoconstruction<\/strong>. La livraison d&rsquo;un b\u00e2timent au stade <strong>hors d&rsquo;eau\/hors d&rsquo;air est possible<\/strong> par des entreprises agr\u00e9es par nos soins. Vous pouvez vous r\u00e9server les travaux de second oeuvre et de finitions sous conditions du respect des normes et obligations en vigueurs et en particulier la r\u00e9glementation thermique RE2020.<\/p>\n<\/div><\/section>\n<div  style='height:25px' class='hr hr-invisible   avia-builder-el-9  el_after_av_textblock  el_before_av_button '><span class='hr-inner ' ><span class='hr-inner-style'><\/span><\/span><\/div>\n<div  class='avia-button-wrap avia-button-center  avia-builder-el-10  el_after_av_hr  avia-builder-el-last ' ><a href='https:\/\/www.maisonbeausoleil.fr\/index.php\/maison-construction-ossature-bois-isolation-paille\/'  class='avia-button   avia-icon_select-yes-left-icon avia-color-theme-color avia-size-medium avia-position-center '   ><span class='avia_button_icon avia_button_icon_left ' aria-hidden='true' data-av_icon='\ue803' data-av_iconfont='entypo-fontello'><\/span><span class='avia_iconbox_title' >En savoir encore +<\/span><\/a><\/div>\n","protected":false},"excerpt":{"rendered":"","protected":false},"author":1,"featured_media":0,"parent":984,"menu_order":5,"comment_status":"closed","ping_status":"closed","template":"","meta":{"footnotes":""},"class_list":["post-305","page","type-page","status-publish","hentry"],"yoast_head":"<!-- This site is optimized with the Yoast SEO plugin v27.4 - https:\/\/yoast.com\/product\/yoast-seo-wordpress\/ -->\n<title>Auto-construction - Auto-construction<\/title>\n<meta name=\"description\" content=\"plans de maison passive isolation paille\" \/>\n<meta name=\"robots\" content=\"index, follow, max-snippet:-1, max-image-preview:large, max-video-preview:-1\" \/>\n<link rel=\"canonical\" href=\"https:\/\/www.maisonbeausoleil.fr\/index.php\/maison-construction-ossature-bois-isolation-paille\/projet-construction-maison-bioclimatique-isolation-paille\/auto-construction-maison-passive-paille\/\" \/>\n<meta property=\"og:locale\" content=\"fr_FR\" \/>\n<meta property=\"og:type\" content=\"article\" \/>\n<meta property=\"og:title\" content=\"Auto-construction - Auto-construction\" \/>\n<meta property=\"og:description\" content=\"plans de maison passive isolation paille\" \/>\n<meta property=\"og:url\" content=\"https:\/\/www.maisonbeausoleil.fr\/index.php\/maison-construction-ossature-bois-isolation-paille\/projet-construction-maison-bioclimatique-isolation-paille\/auto-construction-maison-passive-paille\/\" \/>\n<meta property=\"og:site_name\" content=\"Maison passive bioclimatique ossature bois isolation paille\" \/>\n<meta property=\"article:publisher\" content=\"https:\/\/www.facebook.com\/maisonenergiepositive\/?locale=fr_FR\" \/>\n<meta property=\"article:modified_time\" content=\"2025-10-23T09:45:58+00:00\" \/>\n<meta name=\"twitter:card\" content=\"summary_large_image\" \/>\n<meta name=\"twitter:site\" content=\"@UC0WxY73_wQkCxambOiOLiGQ\" \/>\n<meta name=\"twitter:label1\" content=\"Dur\u00e9e de lecture estim\u00e9e\" \/>\n\t<meta name=\"twitter:data1\" content=\"2 minutes\" \/>\n<script type=\"application\/ld+json\" class=\"yoast-schema-graph\">{\"@context\":\"https:\\\/\\\/schema.org\",\"@graph\":[{\"@type\":\"WebPage\",\"@id\":\"https:\\\/\\\/www.maisonbeausoleil.fr\\\/index.php\\\/maison-construction-ossature-bois-isolation-paille\\\/projet-construction-maison-bioclimatique-isolation-paille\\\/auto-construction-maison-passive-paille\\\/\",\"url\":\"https:\\\/\\\/www.maisonbeausoleil.fr\\\/index.php\\\/maison-construction-ossature-bois-isolation-paille\\\/projet-construction-maison-bioclimatique-isolation-paille\\\/auto-construction-maison-passive-paille\\\/\",\"name\":\"Auto-construction - Auto-construction\",\"isPartOf\":{\"@id\":\"https:\\\/\\\/www.maisonbeausoleil.fr\\\/#website\"},\"datePublished\":\"2016-07-04T14:53:15+00:00\",\"dateModified\":\"2025-10-23T09:45:58+00:00\",\"description\":\"plans de maison passive isolation paille\",\"breadcrumb\":{\"@id\":\"https:\\\/\\\/www.maisonbeausoleil.fr\\\/index.php\\\/maison-construction-ossature-bois-isolation-paille\\\/projet-construction-maison-bioclimatique-isolation-paille\\\/auto-construction-maison-passive-paille\\\/#breadcrumb\"},\"inLanguage\":\"fr-FR\",\"potentialAction\":[{\"@type\":\"ReadAction\",\"target\":[\"https:\\\/\\\/www.maisonbeausoleil.fr\\\/index.php\\\/maison-construction-ossature-bois-isolation-paille\\\/projet-construction-maison-bioclimatique-isolation-paille\\\/auto-construction-maison-passive-paille\\\/\"]}]},{\"@type\":\"BreadcrumbList\",\"@id\":\"https:\\\/\\\/www.maisonbeausoleil.fr\\\/index.php\\\/maison-construction-ossature-bois-isolation-paille\\\/projet-construction-maison-bioclimatique-isolation-paille\\\/auto-construction-maison-passive-paille\\\/#breadcrumb\",\"itemListElement\":[{\"@type\":\"ListItem\",\"position\":1,\"name\":\"Accueil\",\"item\":\"https:\\\/\\\/www.maisonbeausoleil.fr\\\/index.php\\\/construire-en-paille-mayenne-53\\\/\"},{\"@type\":\"ListItem\",\"position\":2,\"name\":\"En savoir +\",\"item\":\"https:\\\/\\\/www.maisonbeausoleil.fr\\\/index.php\\\/maison-construction-ossature-bois-isolation-paille\\\/\"},{\"@type\":\"ListItem\",\"position\":3,\"name\":\"LE PROJET\",\"item\":\"https:\\\/\\\/www.maisonbeausoleil.fr\\\/index.php\\\/maison-construction-ossature-bois-isolation-paille\\\/projet-construction-maison-bioclimatique-isolation-paille\\\/\"},{\"@type\":\"ListItem\",\"position\":4,\"name\":\"Auto-construction\"}]},{\"@type\":\"WebSite\",\"@id\":\"https:\\\/\\\/www.maisonbeausoleil.fr\\\/#website\",\"url\":\"https:\\\/\\\/www.maisonbeausoleil.fr\\\/\",\"name\":\"Maison passive bioclimatique \u00e0 isolation paille\",\"description\":\"JY Gommerel dessine votre maison passive bioclimatique isolation paille en Mayenne\",\"publisher\":{\"@id\":\"https:\\\/\\\/www.maisonbeausoleil.fr\\\/#organization\"},\"alternateName\":\"Maison passive bioclimatique \u00e0 isolation paille en Mayenne 53\",\"potentialAction\":[{\"@type\":\"SearchAction\",\"target\":{\"@type\":\"EntryPoint\",\"urlTemplate\":\"https:\\\/\\\/www.maisonbeausoleil.fr\\\/?s={search_term_string}\"},\"query-input\":{\"@type\":\"PropertyValueSpecification\",\"valueRequired\":true,\"valueName\":\"search_term_string\"}}],\"inLanguage\":\"fr-FR\"},{\"@type\":\"Organization\",\"@id\":\"https:\\\/\\\/www.maisonbeausoleil.fr\\\/#organization\",\"name\":\"Maison passive bioclimatique \u00e0 isolation paille\",\"alternateName\":\"Maison passive bioclimatique \u00e0 isolation paille en Mayenne 53\",\"url\":\"https:\\\/\\\/www.maisonbeausoleil.fr\\\/\",\"logo\":{\"@type\":\"ImageObject\",\"inLanguage\":\"fr-FR\",\"@id\":\"https:\\\/\\\/www.maisonbeausoleil.fr\\\/#\\\/schema\\\/logo\\\/image\\\/\",\"url\":\"https:\\\/\\\/www.maisonbeausoleil.fr\\\/wp-content\\\/uploads\\\/2021\\\/12\\\/LOGO-BEAUSOLEIL-FINAL.jpg\",\"contentUrl\":\"https:\\\/\\\/www.maisonbeausoleil.fr\\\/wp-content\\\/uploads\\\/2021\\\/12\\\/LOGO-BEAUSOLEIL-FINAL.jpg\",\"width\":1080,\"height\":401,\"caption\":\"Maison passive bioclimatique \u00e0 isolation paille\"},\"image\":{\"@id\":\"https:\\\/\\\/www.maisonbeausoleil.fr\\\/#\\\/schema\\\/logo\\\/image\\\/\"},\"sameAs\":[\"https:\\\/\\\/www.facebook.com\\\/maisonenergiepositive\\\/?locale=fr_FR\",\"https:\\\/\\\/x.com\\\/UC0WxY73_wQkCxambOiOLiGQ\",\"https:\\\/\\\/www.gommerel-habitat-passif.com\\\/\",\"https:\\\/\\\/www.youtube.com\\\/channel\\\/UC0WxY73_wQkCxambOiOLiGQ\",\"https:\\\/\\\/www.instagram.com\\\/maison_passive_paille\\\/?hl=fr\",\"https:\\\/\\\/www.facebook.com\\\/maisonenergiepositive\\\/\"]}]}<\/script>\n<!-- \/ Yoast SEO plugin. -->","yoast_head_json":{"title":"Auto-construction - Auto-construction","description":"plans de maison passive isolation paille","robots":{"index":"index","follow":"follow","max-snippet":"max-snippet:-1","max-image-preview":"max-image-preview:large","max-video-preview":"max-video-preview:-1"},"canonical":"https:\/\/www.maisonbeausoleil.fr\/index.php\/maison-construction-ossature-bois-isolation-paille\/projet-construction-maison-bioclimatique-isolation-paille\/auto-construction-maison-passive-paille\/","og_locale":"fr_FR","og_type":"article","og_title":"Auto-construction - Auto-construction","og_description":"plans de maison passive isolation paille","og_url":"https:\/\/www.maisonbeausoleil.fr\/index.php\/maison-construction-ossature-bois-isolation-paille\/projet-construction-maison-bioclimatique-isolation-paille\/auto-construction-maison-passive-paille\/","og_site_name":"Maison passive bioclimatique ossature bois isolation paille","article_publisher":"https:\/\/www.facebook.com\/maisonenergiepositive\/?locale=fr_FR","article_modified_time":"2025-10-23T09:45:58+00:00","twitter_card":"summary_large_image","twitter_site":"@UC0WxY73_wQkCxambOiOLiGQ","twitter_misc":{"Dur\u00e9e de lecture estim\u00e9e":"2 minutes"},"schema":{"@context":"https:\/\/schema.org","@graph":[{"@type":"WebPage","@id":"https:\/\/www.maisonbeausoleil.fr\/index.php\/maison-construction-ossature-bois-isolation-paille\/projet-construction-maison-bioclimatique-isolation-paille\/auto-construction-maison-passive-paille\/","url":"https:\/\/www.maisonbeausoleil.fr\/index.php\/maison-construction-ossature-bois-isolation-paille\/projet-construction-maison-bioclimatique-isolation-paille\/auto-construction-maison-passive-paille\/","name":"Auto-construction - Auto-construction","isPartOf":{"@id":"https:\/\/www.maisonbeausoleil.fr\/#website"},"datePublished":"2016-07-04T14:53:15+00:00","dateModified":"2025-10-23T09:45:58+00:00","description":"plans de maison passive isolation paille","breadcrumb":{"@id":"https:\/\/www.maisonbeausoleil.fr\/index.php\/maison-construction-ossature-bois-isolation-paille\/projet-construction-maison-bioclimatique-isolation-paille\/auto-construction-maison-passive-paille\/#breadcrumb"},"inLanguage":"fr-FR","potentialAction":[{"@type":"ReadAction","target":["https:\/\/www.maisonbeausoleil.fr\/index.php\/maison-construction-ossature-bois-isolation-paille\/projet-construction-maison-bioclimatique-isolation-paille\/auto-construction-maison-passive-paille\/"]}]},{"@type":"BreadcrumbList","@id":"https:\/\/www.maisonbeausoleil.fr\/index.php\/maison-construction-ossature-bois-isolation-paille\/projet-construction-maison-bioclimatique-isolation-paille\/auto-construction-maison-passive-paille\/#breadcrumb","itemListElement":[{"@type":"ListItem","position":1,"name":"Accueil","item":"https:\/\/www.maisonbeausoleil.fr\/index.php\/construire-en-paille-mayenne-53\/"},{"@type":"ListItem","position":2,"name":"En savoir +","item":"https:\/\/www.maisonbeausoleil.fr\/index.php\/maison-construction-ossature-bois-isolation-paille\/"},{"@type":"ListItem","position":3,"name":"LE PROJET","item":"https:\/\/www.maisonbeausoleil.fr\/index.php\/maison-construction-ossature-bois-isolation-paille\/projet-construction-maison-bioclimatique-isolation-paille\/"},{"@type":"ListItem","position":4,"name":"Auto-construction"}]},{"@type":"WebSite","@id":"https:\/\/www.maisonbeausoleil.fr\/#website","url":"https:\/\/www.maisonbeausoleil.fr\/","name":"Maison passive bioclimatique \u00e0 isolation paille","description":"JY Gommerel dessine votre maison passive bioclimatique isolation paille en Mayenne","publisher":{"@id":"https:\/\/www.maisonbeausoleil.fr\/#organization"},"alternateName":"Maison passive bioclimatique \u00e0 isolation paille en Mayenne 53","potentialAction":[{"@type":"SearchAction","target":{"@type":"EntryPoint","urlTemplate":"https:\/\/www.maisonbeausoleil.fr\/?s={search_term_string}"},"query-input":{"@type":"PropertyValueSpecification","valueRequired":true,"valueName":"search_term_string"}}],"inLanguage":"fr-FR"},{"@type":"Organization","@id":"https:\/\/www.maisonbeausoleil.fr\/#organization","name":"Maison passive bioclimatique \u00e0 isolation paille","alternateName":"Maison passive bioclimatique \u00e0 isolation paille en Mayenne 53","url":"https:\/\/www.maisonbeausoleil.fr\/","logo":{"@type":"ImageObject","inLanguage":"fr-FR","@id":"https:\/\/www.maisonbeausoleil.fr\/#\/schema\/logo\/image\/","url":"https:\/\/www.maisonbeausoleil.fr\/wp-content\/uploads\/2021\/12\/LOGO-BEAUSOLEIL-FINAL.jpg","contentUrl":"https:\/\/www.maisonbeausoleil.fr\/wp-content\/uploads\/2021\/12\/LOGO-BEAUSOLEIL-FINAL.jpg","width":1080,"height":401,"caption":"Maison passive bioclimatique \u00e0 isolation paille"},"image":{"@id":"https:\/\/www.maisonbeausoleil.fr\/#\/schema\/logo\/image\/"},"sameAs":["https:\/\/www.facebook.com\/maisonenergiepositive\/?locale=fr_FR","https:\/\/x.com\/UC0WxY73_wQkCxambOiOLiGQ","https:\/\/www.gommerel-habitat-passif.com\/","https:\/\/www.youtube.com\/channel\/UC0WxY73_wQkCxambOiOLiGQ","https:\/\/www.instagram.com\/maison_passive_paille\/?hl=fr","https:\/\/www.facebook.com\/maisonenergiepositive\/"]}]}},"_links":{"self":[{"href":"https:\/\/www.maisonbeausoleil.fr\/index.php\/wp-json\/wp\/v2\/pages\/305","targetHints":{"allow":["GET"]}}],"collection":[{"href":"https:\/\/www.maisonbeausoleil.fr\/index.php\/wp-json\/wp\/v2\/pages"}],"about":[{"href":"https:\/\/www.maisonbeausoleil.fr\/index.php\/wp-json\/wp\/v2\/types\/page"}],"author":[{"embeddable":true,"href":"https:\/\/www.maisonbeausoleil.fr\/index.php\/wp-json\/wp\/v2\/users\/1"}],"replies":[{"embeddable":true,"href":"https:\/\/www.maisonbeausoleil.fr\/index.php\/wp-json\/wp\/v2\/comments?post=305"}],"version-history":[{"count":19,"href":"https:\/\/www.maisonbeausoleil.fr\/index.php\/wp-json\/wp\/v2\/pages\/305\/revisions"}],"predecessor-version":[{"id":2504,"href":"https:\/\/www.maisonbeausoleil.fr\/index.php\/wp-json\/wp\/v2\/pages\/305\/revisions\/2504"}],"up":[{"embeddable":true,"href":"https:\/\/www.maisonbeausoleil.fr\/index.php\/wp-json\/wp\/v2\/pages\/984"}],"wp:attachment":[{"href":"https:\/\/www.maisonbeausoleil.fr\/index.php\/wp-json\/wp\/v2\/media?parent=305"}],"curies":[{"name":"wp","href":"https:\/\/api.w.org\/{rel}","templated":true}]}}